{"id":2,"date":"2014-05-09T04:35:09","date_gmt":"2014-05-09T04:35:09","guid":{"rendered":"http:\/\/localhost\/wordpress-3.9.1\/wordpress\/?page_id=2"},"modified":"2021-11-29T17:27:11","modified_gmt":"2021-11-29T17:27:11","slug":"sample-page","status":"publish","type":"page","link":"http:\/\/www.abi96-mls.de\/?page_id=2","title":{"rendered":"About Abi&#8217;96-MLS"},"content":{"rendered":"<p>Herzlich willkommen auf der Webseite des Abi-Jahrgangs 1996 der Martin-Luther-Schule Rimbach im Odenwald (siehe <a title=\"MLS Rimbach\" href=\"https:\/\/www.mls-rimbach.de\/\" target=\"_blank\" rel=\"noopener\">hier<\/a>).<\/p>\n<p>&#8230; oder vielmehr das, was davon nach so langer Zeit noch \u00fcbrig ist. Diese Webseite ist ein Platzhalter und sucht dringend einen neuen Webmaster, der\/die Lust und Zeit hat alles neu zu gestalten und die Seite zu pflegen. Bis dahin funktioniert sie grundlegend als Blog- und Forum-Seite. Gerne kannst du hier nach Registrierung eigene Beitr\u00e4ge ver\u00f6ffentlichen oder Kommentare verfassen.<\/p>\n<blockquote><p>Warum \u00fcberhaupt noch eine Webseite aufrecht erhalten? Es gibt doch Social-Media, Facebook &amp; Co? Allerdings hat nicht jeder Lust auf diesen Diensten aktiv zu sein oder ist dort absichtlich nicht pr\u00e4sent. Hier f\u00fcllt die Webseite abi96-mls.de eine L\u00fccke, indem sie das auffinden von Informationen z.B. durch &#8216;googeln&#8217; erm\u00f6glicht und den Austausch unter den Ehemaligen erm\u00f6glicht. Hin- und wieder werden ja auch Nachtreffen organisiert, und etwas Material zur Erinnerung an &#8220;alte Zeiten&#8221; w\u00fcrde sich bestimmt auch finden.<\/p><\/blockquote>\n<p>Fragen? Melde dich per email an: <a title=\"email\" href=\"mailto:info@abi96-mls.de\">info@abi96-mls.de<\/a><\/p>\n<p><a title=\"send email\" href=\"mailto:info@abi96-mls.de\"><img loading=\"lazy\" decoding=\"async\" class=\"aligncenter wp-image-17 size-full\" src=\"http:\/\/www.abi96-mls.de\/wp-content\/uploads\/2014\/05\/abi96logo1.gif\" alt=\"abi96logo1\" width=\"197\" height=\"76\"\/><\/a><\/p>\n<p><strong>Impressum<\/strong><\/p>\n<p>Administrative contact for the domain &#8220;abi96-mls.de&#8221; is: Daniel Krug, M\u00f6rlenbach\/Germany. Please use webmaster email address or retrieve valid postal address information from denic.de if needed.<em><br \/>\n<\/em><\/p>\n","protected":false},"excerpt":{"rendered":"<p>Herzlich willkommen auf der Webseite des Abi-Jahrgangs 1996 der Martin-Luther-Schule Rimbach im Odenwald (siehe hier). &#8230; oder vielmehr das, was davon nach so langer Zeit noch \u00fcbrig ist. Diese Webseite ist ein Platzhalter und sucht dringend einen neuen Webmaster, der\/die Lust und Zeit hat alles neu zu gestalten und die Seite zu pflegen. Bis dahin [&hellip;]<\/p>\n","protected":false},"author":1,"featured_media":0,"parent":0,"menu_order":0,"comment_status":"closed","ping_status":"closed","template":"","meta":{"ngg_post_thumbnail":0,"footnotes":""},"class_list":["post-2","page","type-page","status-publish","hentry"],"_links":{"self":[{"href":"http:\/\/www.abi96-mls.de\/index.php?rest_route=\/wp\/v2\/pages\/2","targetHints":{"allow":["GET"]}}],"collection":[{"href":"http:\/\/www.abi96-mls.de\/index.php?rest_route=\/wp\/v2\/pages"}],"about":[{"href":"http:\/\/www.abi96-mls.de\/index.php?rest_route=\/wp\/v2\/types\/page"}],"author":[{"embeddable":true,"href":"http:\/\/www.abi96-mls.de\/index.php?rest_route=\/wp\/v2\/users\/1"}],"replies":[{"embeddable":true,"href":"http:\/\/www.abi96-mls.de\/index.php?rest_route=%2Fwp%2Fv2%2Fcomments&post=2"}],"version-history":[{"count":22,"href":"http:\/\/www.abi96-mls.de\/index.php?rest_route=\/wp\/v2\/pages\/2\/revisions"}],"predecessor-version":[{"id":522,"href":"http:\/\/www.abi96-mls.de\/index.php?rest_route=\/wp\/v2\/pages\/2\/revisions\/522"}],"wp:attachment":[{"href":"http:\/\/www.abi96-mls.de\/index.php?rest_route=%2Fwp%2Fv2%2Fmedia&parent=2"}],"curies":[{"name":"wp","href":"https:\/\/api.w.org\/{rel}","templated":true}]}}